{"id":2301,"date":"2017-07-10T16:11:47","date_gmt":"2017-07-10T14:11:47","guid":{"rendered":"http:\/\/www.combats-magazine.org\/fr\/?page_id=2301"},"modified":"2017-07-21T17:14:46","modified_gmt":"2017-07-21T15:14:46","slug":"diversite-culturelle","status":"publish","type":"page","link":"https:\/\/www.combats-magazine.org\/fr\/diversite-culturelle\/","title":{"rendered":"Diversit\u00e9 culturelle"},"content":{"rendered":"<p><a href=\"http:\/\/fr.unesco.org\/\">UNESCO<\/a><\/p>\n<p>L\u2019UNESCO a pour vocation la coordination de la coop\u00e9ration internationale en termes d&rsquo;\u00e9ducation, sciences, culture et communication. Elle renforce ainsi les liens entre les nations et les soci\u00e9t\u00e9s et mobilise le plus grand nombre afin d&rsquo;am\u00e9liorer l&rsquo;acc\u00e8s de chaque enfant et chaque citoyen \u00e0 une \u00e9ducation de qualit\u00e9, \u00e0 un environnement culturel riche de diversit\u00e9, aux avanc\u00e9es scientifiques, et \u00e0 la libert\u00e9 d\u2019expression. Elle a pour objectif la culture de la paix, le d\u00e9veloppement durable, l&rsquo;\u00e9galit\u00e9 des genres, la protection du patrimoine, la promotion de la diversit\u00e9 des expressions culturelles et de la cr\u00e9ativit\u00e9, et le vivre ensemble, ce qui en fait un acteur majeur de la diversit\u00e9 culturelle. L&rsquo;UNESCO oeuvre en particulier en direction de la jeunesse et des populations les moins favoris\u00e9es. Son site pr\u00e9sente tous ses champs d&rsquo;action et ses objectifs.<\/p>\n<p><a href=\"https:\/\/www.ffpunesco.org\/\">F\u00e9d\u00e9ration Fran\u00e7aise pour l&rsquo;UNESCO<\/a><\/p>\n<p>Fond\u00e9e en 1956, la FFPU a pour objectif de contribuer \u00e0 d\u00e9velopper une culture de paix. Elle promeut les valeurs de l\u2019UNESCO pour un monde plus digne, plus juste et plus solidaire. C&rsquo;est un mouvement la\u00efc et d\u2019\u00e9ducation populaire qui f\u00e9d\u00e8re plusieurs formes d\u2019engagements : les Clubs UNESCO scolaires, hospitaliers, associatifs, les centres pour l\u2019UNESCO et les territoires pour l\u2019UNESCO. Les clubs UNESCO regroupent tous les citoyens volontaires qui, respectueux du principe de la\u00efcit\u00e9, veulent \u00e0 travers des d\u00e9bats d\u00e9mocratiques se forger des opinions raisonn\u00e9es, exercer leur citoyennet\u00e9 et mobiliser autour de leurs actions. Ils \u0153uvrent pour l\u2019environnement, la justice sociale, les Droits de l\u2019Homme et la coop\u00e9ration entre les peuples.<\/p>\n<p>Le site de la FFPU permet de retrouver beaucoup d&rsquo;informations et d&rsquo;actualit\u00e9s concernant l&rsquo;UNESCO, les activit\u00e9s des clubs, les animations et \u00e9v\u00e9nements. Plusieurs rendez-vous ont \u00e9galement lieu durant l&rsquo;ann\u00e9e, dans le cadre des laboratoires sur les th\u00e8mes de solidarit\u00e9s, la\u00efcit\u00e9, handicap et citoyennet\u00e9, genre, et esclavages.<\/p>\n<p><a href=\"http:\/\/www.ficdc.org\/\">F\u00e9d\u00e9ration Internationale des Coalitions pour la Diversit\u00e9 Culturelle<\/a><\/p>\n<p>La FICDC fait suite au Comit\u00e9 international de Liaison des Coalitions pour la diversit\u00e9 culturelle, cr\u00e9\u00e9 en 2003. La FICDC compte parmi ses membres fondateurs 43 coalitions nationales pour la diversit\u00e9 culturelle qui regroupent au total plus de 600 organisations professionnelles de la culture repr\u00e9sentant les cr\u00e9ateurs, les artistes, les producteurs ind\u00e9pendants, les distributeurs, les radiodiffuseurs et les \u00e9diteurs des secteurs du livre, du cin\u00e9ma, de la t\u00e9l\u00e9vision, de la musique, du spectacle vivant et des arts visuels. La F\u00e9d\u00e9ration est constitu\u00e9e en soci\u00e9t\u00e9 au Canada et son secr\u00e9tariat g\u00e9n\u00e9ral est \u00e9tabli \u00e0 Montr\u00e9al. La Coalition fran\u00e7aise pour la diversit\u00e9 culturelle assure la repr\u00e9sentation de la FICDC aupr\u00e8s de l\u2019UNESCO \u00e0 Paris.<\/p>\n<p><a href=\"http:\/\/www.coalitionfrancaise.org\/\">Coalition fran\u00e7aise pour la diversit\u00e9 culturelle<\/a><\/p>\n<p>Elle rassemble les organisations professionnelles de la culture (cin\u00e9ma, t\u00e9l\u00e9vision, spectacle vivant, \u00e9dition, musique, arts graphiques et plastiques, et multim\u00e9dia) et d\u00e9fend la diversit\u00e9 culturelle face aux n\u00e9gociations commerciales internationales en coordonnant les objectifs que veulent d\u00e9fendre ces organisations.<\/p>\n<p>La Coalition a notamment eu un r\u00f4le majeur dans les \u00e9tapes qui ont conduit \u00e0 l\u2019\u00e9laboration puis \u00e0 l\u2019adoption le 20 octobre 2005 de la Convention de l\u2019UNESCO sur la protection et la promotion de la diversit\u00e9 des expressions culturelles, ainsi que dans le processus de ratification qui a conduit \u00e0 son entr\u00e9e en vigueur le 18 mars 2007. Elle participe pleinement, en tant que repr\u00e9sentant officiel\u00a0aupr\u00e8s de l\u2019UNESCO de la FICDC, au processus de mise en oeuvre et de suivi de la Convention.<\/p>\n<p>Rencontres, d\u00e9bats, conf\u00e9rences, avant-premi\u00e8res\u2026 sont autant d\u2019\u00e9v\u00e8nements r\u00e9guli\u00e8rement organis\u00e9s pour mettre en lumi\u00e8re les d\u00e9fis et enjeux culturels et s&rsquo;interroger sur les \u00e9volutions dues \u00e0 la r\u00e9volution num\u00e9rique. La Coalition m\u00e8ne \u00e9galement des actions \u00e0 l\u2019\u00e9tranger visant \u00e0 encourager la coop\u00e9ration entre les organisations professionnelles de la culture afin qu\u2019elles adoptent des strat\u00e9gies communes dans la d\u00e9fense de leurs int\u00e9r\u00eats.<\/p>\n<p><a href=\"https:\/\/www.francophonie.org\/\">Organisation Internationale de la Francophonie<\/a><\/p>\n<p>Dispositif institutionnel vou\u00e9 \u00e0 promouvoir la langue fran\u00e7aise et les relations de coop\u00e9ration entre les 84 \u00c9tats et gouvernements membres ou observateurs de l\u2019OIF. L\u2019Organisation met en \u0153uvre la coop\u00e9ration multilat\u00e9rale francophone aux c\u00f4t\u00e9s de l\u2019Agence Universitaire de la Francophonie, la cha\u00eene de t\u00e9l\u00e9vision internationale TV5Monde, l&rsquo;Association Internationale des Maires Francophones, et l&rsquo;Universit\u00e9 Senghor d&rsquo;Alexandrie. La Francophonie dispose aussi d\u2019un organe consultatif\u00a0: l\u2019Assembl\u00e9e Parlementaire de la Francophonie. Son site internet pr\u00e9sente les objectifs, missions, actions et ressources de l&rsquo;organisation, notamment en mati\u00e8re de diversit\u00e9 culturelle.<\/p>\n<p><a href=\"http:\/\/www.observatoireplurilinguisme.eu\/fr\/\">Observatoire europ\u00e9en du plurilinguisme<\/a><\/p>\n<p>R\u00e9unissant d\u00e9cideurs, chercheurs et repr\u00e9sentants de la soci\u00e9t\u00e9 civile autour d&rsquo;une Charte europ\u00e9enne du plurilinguisme pour r\u00e9pondre aux questions linguistiques fondamentales de l&rsquo;Europe dans leurs dimensions politiques, culturelles, \u00e9conomiques et sociales, l&rsquo;OEP a pour objectif de promouvoir l&#8217;emploi des langues vivantes et de pr\u00e9server la diversit\u00e9 linguistique et culturelle, valeur d&rsquo;\u00e9change et de cr\u00e9ativit\u00e9. Il agit par la communication afin de sensibiliser les divers publics, la mutualisation des moyens entre acteurs du plurilinguisme, de nombreuses publications et \u00e9v\u00e9nements concernant le plurilinguisme et par l&rsquo;activit\u00e9 d&rsquo;un p\u00f4le recherche.<\/p>\n<p>Ainsi, son site internet est une base de connaissance et un centre de ressources. 20 000 abonn\u00e9s re\u00e7oivent tous les deux mois une lettre d&rsquo;information de l&rsquo;observatoire, et tous les trois ans ont lieu les Assises europ\u00e9ennes du plurilinguisme. L&rsquo;OEF m\u00e8ne \u00e9galement des actions cibl\u00e9es en profondeur visant des secteurs strat\u00e9giques : la recherche et l\u2019enseignement sup\u00e9rieur, l&rsquo;\u00e9ducation et les entreprises.<\/p>\n<p><a href=\"http:\/\/www.injep.fr\/\">Institut National de la Jeunesse et de l\u2019\u00c9ducation Populaire<\/a><\/p>\n<p>L&rsquo;INJEP est un service \u00e0 comp\u00e9tence nationale du minist\u00e8re de l&rsquo;\u00e9ducation nationale. C&rsquo;est un observatoire de la jeunesse, de l&rsquo;\u00e9ducation populaire et de la vie associative ainsi qu\u2019un p\u00f4le de ressources et d&rsquo;expertise destin\u00e9 aux professionnels et d\u00e9cideurs du secteur. Le site fait part de leurs recherches, exp\u00e9rimentations et publications, ainsi que de leur ressources. Centre d\u2019expertise et de r\u00e9f\u00e9rence pour les acteurs de jeunesse et d\u2019\u00e9ducation populaire, l\u2019INJEP diffuse et valorise les connaissances produites ou capitalis\u00e9es \u00e0 travers l\u2019organisation de conf\u00e9rences-d\u00e9bats et de rencontres, qui sont des espaces de partage et d\u2019\u00e9changes entre chercheurs, acteurs de terrain et d\u00e9cideurs destin\u00e9s \u00e0 nourrir le d\u00e9bat et la d\u00e9cision publique<strong>.<\/strong><\/p>\n<p><a href=\"http:\/\/www.inegalites.fr\/\">Observatoire des in\u00e9galit\u00e9s<\/a><\/p>\n<p>Il a \u00e9t\u00e9 cr\u00e9\u00e9 dans le but d&rsquo;agir contre la mont\u00e9e des in\u00e9galit\u00e9s, qui constitue une menace s\u00e9rieuse pour la d\u00e9mocratie. Son action vise, en r\u00e9v\u00e9lant les lacunes actuelles, \u00e0 faire en sorte que les institutions am\u00e9liorent leurs pratiques dans le domaine de la collecte et la diffusion des donn\u00e9es. Il s&rsquo;appuie pour cela sur ses r\u00e9dacteurs qui publient des articles sur le site, et sur un conseil scientifique compos\u00e9 de chercheurs, sociologues, \u00e9conomistes, philosophes, juristes, et qui participe \u00e0 la collecte d\u2019informations et oriente les publications.<\/p>\n<p>Le site comporte donc des donn\u00e9es et des analyses (articles, enqu\u00eates, opinions, entretiens et propositions) concernant les in\u00e9galit\u00e9s dans tous les domaines (emploi, genre, origine, \u00e9ducation, conditions de vie&#8230;). Il est \u00e9galement possible de commander le rapport 2017 sur les in\u00e9galit\u00e9s en France, document d\u2019expertise ind\u00e9pendant de l\u2019institution publique, qui met \u00e0 disposition du grand public \u00ab\u00a0un panorama complet du ph\u00e9nom\u00e8ne, \u00e0 travers un ensemble de donn\u00e9es faciles d\u2019acc\u00e8s et actualis\u00e9es\u00a0\u00bb.<\/p>\n<p><a href=\"http:\/\/reseauculture21.fr\/\">R\u00e9seau Culture 21<\/a><\/p>\n<p>Association ind\u00e9pendante cr\u00e9\u00e9e en 2009, R\u00e9seau culture 21 inscrit ses travaux dans la promotion de la diversit\u00e9 et des droits culturels dans l\u2019ensemble des politiques publiques en s\u2019appuyant sur l\u2019Agenda 21 de la culture et la D\u00e9claration de Fribourg. Il accompagne les collectivit\u00e9s dans un travail d\u2019ouverture de la notion de culture dans son acception la plus large, de son appropriation par les acteurs de tous champs sectoriels et de sa traduction dans les actions et les dispositifs de politiques publiques culturelles, sociales, \u00e9ducatives ou d\u2019autres domaines.<\/p>\n<p>R\u00e9seau culture 21 travaille \u00e9galement \u00e0 identifier et rendre visibles les acteurs et les d\u00e9marches actives sur ces enjeux sur le territoire et favorise la coop\u00e9ration et l\u2019\u00e9change de pratiques. \u00c0 travers la promotion de d\u00e9marches participatives, il encourage les d\u00e9cloisonnements et favorise la prise en compte de la transversalit\u00e9 de la culture dans les autres politiques publiques.<\/p>\n<p>R\u00e9seau culture 21 collabore depuis 2011 avec l\u2019Institut Interdisciplinaire d\u2019\u00c9thique et des Droits de l\u2019Homme (IIEDH) de l\u2019Universit\u00e9 de Fribourg et son Observatoire de la diversit\u00e9 et des droits culturels coordonn\u00e9s par Patrice Meyer-Bisch autour du programme Paideia d\u00e9velopp\u00e9 \u00e0 l\u2019\u00e9chelon local, national et international.<\/p>\n<p>Vous trouvez sur le site les publications de l&rsquo;\u00e9quipe, des ressources \u00e0 consulter, des entretiens, les \u00e9v\u00e9nements \u00e0 venir !<\/p>\n<p><a href=\"https:\/\/www.pressenza.com\/fr\/\">Pressenza<\/a><\/p>\n<p>Agence de presse internationale, Pressenza est un espace m\u00e9diatique ouvert \u00e0 l\u2019expression de la base sociale. Elle privil\u00e9gie un point de vue humaniste et universaliste, et pr\u00e9sente des informations, initiatives, propositions et possibilit\u00e9s li\u00e9es \u00e0 la paix, \u00e0 la non-violence, au d\u00e9sarmement, aux droits humains et \u00e0 la lutte contre toute forme de discrimination. Elle place l\u2019\u00eatre humain comme valeur et pr\u00e9occupation centrale et valorise la diversit\u00e9. C\u2019est ainsi qu\u2019elle propose un journalisme actif et lucide qui respecte ces pr\u00e9alables essentiels, visant la r\u00e9solution des crises et conflits sociaux sous toutes les latitudes.<\/p>\n<p>Dans cette perspective, elle diffuse des \u00e9tudes, analyses et actions qui contribuent \u00e0 la paix dans le monde et au d\u00e9passement de la violence, elle d\u00e9nonce les faits et situations qui provoquent douleur et souffrance au sein des populations, en essayant de d\u00e9crypter et transformer les causes de ces \u00e9v\u00e9nements, au del\u00e0 d\u2019une simple attitude de spectateurs. L\u2019agence forme \u00e9galement des \u00e9tudiants et des b\u00e9n\u00e9voles en accord avec ces convictions. Tout le contenu produit par Pressenza est disponible gratuitement soit sur le site internet, soit sous forme de newsletter.<\/p>\n<p><a href=\"http:\/\/vecam.org\/\">Vecam<\/a><\/p>\n<p>Citoyennet\u00e9 dans la soci\u00e9t\u00e9 num\u00e9rique. Vecam est une association cr\u00e9\u00e9e en 1995. Anticipant que l\u2019information, les productions culturelles et le savoir conna\u00eetraient une num\u00e9risation croissante, que toutes les forces structurant les soci\u00e9t\u00e9s humaines seraient concern\u00e9es, les fondateurs de Vecam souhaitaient que les citoyens et la soci\u00e9t\u00e9 civile soient partie prenante des r\u00e9flexions et actions de ce grand basculement. Le r\u00f4le de Vecam est de donner aux citoyens les moyens de s\u2019interroger, comprendre, d\u00e9battre et s\u2019approprier ces transformations. C\u2019est au d\u00e9cryptage politique et social de l\u2019\u00e8re num\u00e9rique que l\u2019association tente de contribuer. Vecam entend \u00e9galement faciliter les usages d\u00e9velopp\u00e9s par et pour les associations, les mouvements citoyens ou les individus.<\/p>\n<p>Au menu, un relais d&rsquo;information, des billets, des r\u00e9flexions, des explications sur l&rsquo;actualit\u00e9, et des publications sur des sujets vari\u00e9s qui rentrent dans le grand th\u00e8me de la citoyennet\u00e9 dans la soci\u00e9t\u00e9 num\u00e9rique.<\/p>\n<p><a href=\"http:\/\/agora-2.org\/francophonie.nsf\/\">Encyclop\u00e9die de la Francophonie<\/a><\/p>\n<p>L&rsquo;encyclop\u00e9die, avec ses multiples onglets, est un site con\u00e7u aussi bien pour musarder, c&rsquo;est \u00e0 dire \u00ab\u00a0trouver ce qu&rsquo;on ne cherchait pas\u00a0\u00bb, que pour effectuer une recherche syst\u00e9matique. Les th\u00e8mes sont tr\u00e8s divers et vont de la langue \u00e0 l&rsquo;\u00e9cologie, en passant par la culture, la diversit\u00e9 culturelle bien entendu, la soci\u00e9t\u00e9, l&rsquo;\u00e9conomie, la g\u00e9ographie, la politique internationale&#8230;avec des articles, des r\u00e9ponses \u00e0 des grandes questions, des livres et des sites de r\u00e9f\u00e9rences. Le site pr\u00e9voit \u00e9galement de vous aider dans vos recherches et p\u00e9r\u00e9grinations avec un index par mots et un guide de l&rsquo;internaute. Il vous permet m\u00eame de proposer votre collaboration !<\/p>\n<p><a href=\"http:\/\/www.coredem.info\/\">COmmunaut\u00e9 de sites REssources pour une D\u00c9mocratie Mondiale<\/a><\/p>\n<p>Initiative collective de partage de savoirs et d\u2019outils libres. Lanc\u00e9e en mai 2009, la Coredem rassemble des organisations qui ont d\u00e9cid\u00e9 de se f\u00e9d\u00e9rer, de mutualiser leurs informations et analyses et de faciliter l\u2019acc\u00e8s \u00e0 leurs ressources documentaires respectives. C&rsquo;est un espace ouvert et multiple de partage des savoirs et de pratiques par et pour les acteurs de changement, ouvert aux organisations, r\u00e9seaux, mouvements et m\u00e9dias qui font de leurs exp\u00e9riences, de leurs propositions et de leurs analyses, des outils libres au service de soci\u00e9t\u00e9s solidaires, durables et responsables. Espace web, espace de publication, espace de d\u00e9bat, les activit\u00e9s de la Coredem s&rsquo;organisent notamment autour de l&rsquo;utilisation d&rsquo;un moteur de recherche, Scrutari, des publications dans la collection Passerelle, qui traitent et d\u00e9cryptent des sujets d&rsquo;actualit\u00e9 qui font d\u00e9bat, et des \u00ab\u00a0Mercredis de la Coredem\u00a0\u00bb qui sont des moments d&rsquo;\u00e9change autour d&rsquo;un th\u00e8me abord\u00e9 dans cette collection. Des outils utiles et peu disponibles ailleurs sur le web !<\/p>\n<p><a href=\"http:\/\/caravane-onesime.com\/\">On\u00e9sime<\/a><\/p>\n<p>Espace de partage d\u2019activit\u00e9s et de ressources pour sensibiliser \u00e0 la francophonie et \u00e0 la diversit\u00e9 culturelle. Le fran\u00e7ais, langue partag\u00e9e, est un pont entre les cultures des francophones. Un outil pour dialoguer. Se rencontrer.\u00a0Mais surtout pour s\u2019exprimer parce que nous sommes tous des citoyens, des po\u00e8tes, des francophones qui avons\u00a0le monde \u00e0 port\u00e9e de main, ou plut\u00f4t \u00e0 port\u00e9e de langue\u00a0! Des actualit\u00e9s, des pages ressources et des activit\u00e9s sur le th\u00e8me de la langue et de la francophonie. Tout le monde peut d&rsquo;ailleurs proposer des activit\u00e9s et\/ou en rendre compte dans les actualit\u00e9s. En cas de comp\u00e9tence ou et\/ou d&rsquo;implication dans le domaine de la langue, n&rsquo;h\u00e9sitez pas !<\/p>\n","protected":false},"excerpt":{"rendered":"<p>UNESCO L\u2019UNESCO a pour vocation la coordination de la coop\u00e9ration internationale en termes d&rsquo;\u00e9ducation, sciences, culture et communication. Elle renforce ainsi les liens entre les nations et les soci\u00e9t\u00e9s et&hellip;<\/p>\n<p class=\"more-link-p\"><a class=\"more-link\" href=\"https:\/\/www.combats-magazine.org\/fr\/diversite-culturelle\/\">Lire plus &rarr;<\/a><\/p>\n","protected":false},"author":1,"featured_media":0,"parent":0,"menu_order":0,"comment_status":"closed","ping_status":"closed","template":"","meta":{"footnotes":""},"class_list":["post-2301","page","type-page","status-publish","hentry"],"_links":{"self":[{"href":"https:\/\/www.combats-magazine.org\/fr\/wp-json\/wp\/v2\/pages\/2301","targetHints":{"allow":["GET"]}}],"collection":[{"href":"https:\/\/www.combats-magazine.org\/fr\/wp-json\/wp\/v2\/pages"}],"about":[{"href":"https:\/\/www.combats-magazine.org\/fr\/wp-json\/wp\/v2\/types\/page"}],"author":[{"embeddable":true,"href":"https:\/\/www.combats-magazine.org\/fr\/wp-json\/wp\/v2\/users\/1"}],"replies":[{"embeddable":true,"href":"https:\/\/www.combats-magazine.org\/fr\/wp-json\/wp\/v2\/comments?post=2301"}],"version-history":[{"count":0,"href":"https:\/\/www.combats-magazine.org\/fr\/wp-json\/wp\/v2\/pages\/2301\/revisions"}],"wp:attachment":[{"href":"https:\/\/www.combats-magazine.org\/fr\/wp-json\/wp\/v2\/media?parent=2301"}],"curies":[{"name":"wp","href":"https:\/\/api.w.org\/{rel}","templated":true}]}}