{"id":98,"date":"2011-08-13T16:46:46","date_gmt":"2011-08-13T14:46:46","guid":{"rendered":"http:\/\/www.combats-magazine.org\/fr\/?page_id=98"},"modified":"2017-07-10T16:29:55","modified_gmt":"2017-07-10T14:29:55","slug":"les-auteurs","status":"publish","type":"page","link":"http:\/\/www.combats-magazine.org\/fr\/les-auteurs\/","title":{"rendered":"Les auteurs"},"content":{"rendered":"<p style=\"text-align: justify;\"><strong>FULVIO CACCIA <\/strong>Po\u00e8te et essayiste, il est notamment l\u2019auteur de <em>Irpinia<\/em> (po\u00e9sie Guernica,1983), <em>Scirocco<\/em> (po\u00e9sie, Triptyque 1985), <em>Aknos<\/em> (po\u00e9sie, Guernica,1994, Prix du Gouverneur-g\u00e9n\u00e9ral du Canada), <em>Lilas<\/em> (Triptyque, 1998). Aussi\u00a0: <em>Golden Eighties<\/em> (recueil de nouvelles, Balzac, 1992)\u00a0; <em>Les connexions dangereuses<\/em> (Arl\u00e9a,1995)\u00a0; <em>La R\u00e9publique m\u00eatis<\/em>, (essai, Balzac,1997)\u00a0; <em>Approche de l\u2019an 2000, panorama de la po\u00e9sie fran\u00e7aise contemporaine<\/em> (en collaboration, Triptyque,1992)\u00a0; <em>Voix, une anthologie bilingue de po\u00e9sie irlando-qu\u00e9b\u00e9coise<\/em> (Le Noro\u00eet\/Dedalus, 1993). Fcaccia@club-internet.fr<\/p>\n<p style=\"text-align: justify;\"><strong>GIANCARLO CALCIOLARI<\/strong> Scrittore, editore del webmagazine <a href=\"http:\/\/www.transfinito.it\/\" rel=\"nofollow\">www.Transfinito.it<\/a>, Giancarlo Calciolari ha collaborato a varie riviste italiane e francesi. info@transfinito.it<\/p>\n<p style=\"text-align: justify;\"><strong>ANTONIN LIEHM<\/strong> N\u00e9 \u00e0 Prague, journaliste, \u00e9diteur de la Gazette litt\u00e9raire, hebdomadaire publi\u00e9 par l\u2019Union des \u00e9crivains tch\u00e9coslovaques, l\u2019un des principaux foyers du \u00ab\u00a0Printemps de Prague\u00a0\u00bb. Apr\u00e8s l\u2019invasion russe en 1968, il enseigne dans diverses universit\u00e9s fran\u00e7aises et am\u00e9ricaines. En 1984 , il cr\u00e9e la revue intellectuelle <em>Lettre internationale<\/em>. En France il a publi\u00e9 plusieurs livres dont <em>Trois g\u00e9n\u00e9rations<\/em> (Gallimard, 1970)\u00a0; <em>Le pass\u00e9 pr\u00e9sent<\/em> (Latt\u00e8s, 1973)\u00a0; <em>Le cin\u00e9ma de l\u2019Est<\/em> (Cerf, 1985)<\/p>\n<p style=\"text-align: justify;\"><strong>MICHEL MADORE<\/strong> Artiste- peintre, Michel Madore vit \u00e0 Paris depuis pr\u00e8s de vingt ans,il vient de publier ses <em>Cahiers d\u2019Atelier<\/em> aux \u00e9ditions M\u00e9moire vivante<\/p>\n<p style=\"text-align: justify;\"><strong>ROBERT RICHARD<\/strong> \u00c9crivain. Auteur de\u00a0: <em>Le corps logique de la fiction<\/em> (essai litt\u00e9raire, Editions de l\u2019Hexagone, 1990), <em>L\u2019autobiographie du monde<\/em> (essai, Balzac \u00e9diteur, 1992)\u00a0; <em>Le roman de Johnny<\/em> (roman, Balzac \u00e9diteur, 1997 et 1998)\u00a0; <em>A Johnny Novel<\/em> (roman, The Mercury Press, Toronto, 1997). d1265@yahoo.com<\/p>\n<p style=\"text-align: justify;\"><strong>VIRGIL TANASE<\/strong> Originaire de Galatzi en Roumanie. Auteur, metteur en sc\u00e8ne. Parmi ces nombreux \u00e9crits, notons <em>Le bal autour du Diamant magique<\/em>, (Gallimard, 1987), <em>Ils refleurissent les pommiers sauvages<\/em> (Ramsay\/De Cortanze, 1991), <em>C\u2019est mon affaire,sotie<\/em> (Flammarion, 1983 ), <em>Ma Roumanie<\/em> (Ramsay, 1990). Il est le directeur du Centre culturel roumain.<\/p>\n","protected":false},"excerpt":{"rendered":"<p>FULVIO CACCIA Po\u00e8te et essayiste, il est notamment l\u2019auteur de Irpinia (po\u00e9sie Guernica,1983), Scirocco (po\u00e9sie, Triptyque 1985), Aknos (po\u00e9sie, Guernica,1994, Prix du Gouverneur-g\u00e9n\u00e9ral du Canada), Lilas (Triptyque, 1998). Aussi\u00a0: Golden&hellip;<\/p>\n<p class=\"more-link-p\"><a class=\"more-link\" href=\"http:\/\/www.combats-magazine.org\/fr\/les-auteurs\/\">Lire plus &rarr;<\/a><\/p>\n","protected":false},"author":1,"featured_media":0,"parent":0,"menu_order":1,"comment_status":"closed","ping_status":"closed","template":"","meta":{"footnotes":""},"class_list":["post-98","page","type-page","status-publish","hentry"],"_links":{"self":[{"href":"http:\/\/www.combats-magazine.org\/fr\/wp-json\/wp\/v2\/pages\/98","targetHints":{"allow":["GET"]}}],"collection":[{"href":"http:\/\/www.combats-magazine.org\/fr\/wp-json\/wp\/v2\/pages"}],"about":[{"href":"http:\/\/www.combats-magazine.org\/fr\/wp-json\/wp\/v2\/types\/page"}],"author":[{"embeddable":true,"href":"http:\/\/www.combats-magazine.org\/fr\/wp-json\/wp\/v2\/users\/1"}],"replies":[{"embeddable":true,"href":"http:\/\/www.combats-magazine.org\/fr\/wp-json\/wp\/v2\/comments?post=98"}],"version-history":[{"count":0,"href":"http:\/\/www.combats-magazine.org\/fr\/wp-json\/wp\/v2\/pages\/98\/revisions"}],"wp:attachment":[{"href":"http:\/\/www.combats-magazine.org\/fr\/wp-json\/wp\/v2\/media?parent=98"}],"curies":[{"name":"wp","href":"https:\/\/api.w.org\/{rel}","templated":true}]}}