{"id":4030,"date":"2018-05-19T10:54:55","date_gmt":"2018-05-19T10:54:55","guid":{"rendered":"http:\/\/www.dev.xn--diversit-culturelle-izb.org\/?page_id=4030"},"modified":"2023-03-07T15:22:08","modified_gmt":"2023-03-07T13:22:08","slug":"politique-de-confidentialite","status":"publish","type":"page","link":"http:\/\/www.combats-magazine.org\/fr\/politique-de-confidentialite\/","title":{"rendered":"Politique de confidentialit\u00e9"},"content":{"rendered":"\t\t<div data-elementor-type=\"wp-post\" data-elementor-id=\"4030\" class=\"elementor elementor-4030\" data-elementor-post-type=\"page\">\n\t\t\t\t\t\t<section data-particle_enable=\"false\" data-particle-mobile-disabled=\"false\" class=\"elementor-section elementor-top-section elementor-element elementor-element-74f93753 elementor-section-boxed elementor-section-height-default elementor-section-height-default\" data-id=\"74f93753\" data-element_type=\"section\" data-e-type=\"section\">\n\t\t\t\t\t\t<div class=\"elementor-container elementor-column-gap-default\">\n\t\t\t\t\t<div class=\"elementor-column elementor-col-100 elementor-top-column elementor-element elementor-element-7e8bee58\" data-id=\"7e8bee58\" data-element_type=\"column\" data-e-type=\"column\">\n\t\t\t<div class=\"elementor-widget-wrap elementor-element-populated\">\n\t\t\t\t\t\t<div class=\"elementor-element elementor-element-52e6f5c3 elementor-widget elementor-widget-text-editor\" data-id=\"52e6f5c3\" data-element_type=\"widget\" data-e-type=\"widget\" data-widget_type=\"text-editor.default\">\n\t\t\t\t<div class=\"elementor-widget-container\">\n\t\t\t\t\t\t\t\t\t<section id=\"onglets\">La protection des donn\u00e9es \u00e0 caract\u00e8re personnel est un \u00e9l\u00e9ment essentiel de notre relation avec les utilisateurs de notre site. Cette relation est fond\u00e9e sur un principe de transparence visant \u00e0 respecter votre vie priv\u00e9e conform\u00e9ment \u00e0 la r\u00e8glementation en vigueur en France et en Europe notamment en application de la loi informatique et libert\u00e9s et du R\u00e8glement G\u00e9n\u00e9ral sur la Protection des Donn\u00e9es (RGPD).<\/section><h2>En bref<\/h2><ul><li>Quelles donn\u00e9es?<\/li><li>Quelle utilisation?<\/li><li>Gestion des droits<\/li><li>En savoir plus<\/li><\/ul><p>ODC peut recueillir directement aupr\u00e8s de vous des donn\u00e9es \u00e0 caract\u00e8re personnel. Conform\u00e9ment au principe de minimisation, nous ne collectons que les donn\u00e9es n\u00e9cessaires au regard des finalit\u00e9s pour lesquelles elles sont trait\u00e9es.<\/p><p>Les diff\u00e9rentes cat\u00e9gories de donn\u00e9es collect\u00e9es lors votre souscription \u00e0 notre Newsletter, lors d\u2019une demande de contact ou dans l\u2019utilisation des commentaires sur notre site sont les suivantes\u00a0:<\/p><ul><li>Donn\u00e9es d\u2019identification, nom, pr\u00e9nom<\/li><li>Donn\u00e9es de contact, adresse \u00e9lectronique<\/li><li>Donn\u00e9es de connexion (notamment adresse IP de votre ordinateur, logs de connexion et d\u2019usage)\u00a0;<\/li><\/ul><p><strong>Finalit\u00e9s<\/strong><\/p><p>Vos donn\u00e9es \u00e0 caract\u00e8re personnel sont collect\u00e9es et trait\u00e9es uniquement sur la base des fondements juridiques pr\u00e9vus par la R\u00e9glementation :<\/p><ul><li>Am\u00e9liorer notre site Web<\/li><li>Vous contacter par e-mail<\/li><\/ul><p>Le respect de la s\u00e9curit\u00e9 et de la protection de vos donn\u00e9es s\u2019impose \u00e0 l\u2019ensemble de nos collaborateurs ainsi qu\u2019\u00e0 nos prestataires.<\/p><p><strong>Quels sont vos droits ?<\/strong><\/p><p>Tous les utilisateurs et utilisatrices peuvent voir, modifier ou supprimer leurs informations personnelles et se d\u00e9sinscrire \u00e0 tout moment.<\/p><p>Vous pouvez demander \u00e0 tout moment l\u2019acc\u00e8s aux donn\u00e9es \u00e0 caract\u00e8re personnel vous concernant, leur rectification, leur effacement et la limitation d\u2019un ou plusieurs traitements particuliers de donn\u00e9es vous concernant, dans les conditions pr\u00e9vues par la R\u00e9glementation.<\/p><p>Vous disposez \u00e9galement du droit de modifier ou de retirer, \u00e0 tout moment, les consentements que vous nous avez accord\u00e9s pour le traitement de vos donn\u00e9es \u00e0 caract\u00e8re personnel.<\/p><p><strong>En savoir plus<\/strong><\/p><p><strong>Propri\u00e9taire<\/strong> : Fulvio Caccia \u2013 16 rue de Bellevue 93260 Les Lilas<strong><br \/>Cr\u00e9ateur<\/strong> : Fulvio Caccia<\/p><p>Pour en savoir plus sur notre Politique de protection des donn\u00e9es \u00e0 caract\u00e8re personnel, vous pouvez contacter le D\u00e9l\u00e9gu\u00e9 \u00e0 la Protection des Donn\u00e9es \u00e0 l\u2019adresse suivante\u00a0: <a href=\"mailto:dpo@diversit\u00e9-culturelle.org\">dpo@diversit\u00e9-culturelle.org<\/a><\/p><p>Nous sommes susceptibles de faire \u00e9voluer la pr\u00e9sente politique de protection des donn\u00e9es \u00e0 caract\u00e8re personnel qui s\u2019applique \u00e0 compter du 25 mai 2018.<\/p><h2>En d\u00e9tails<\/h2><p>L\u2019adresse de notre site Web est\u00a0: http:\/\/www.combats-magazine.org\/fr<\/p><p><strong>Propri\u00e9taire<\/strong> : Fulvio Caccia \u2013 16 rue de Bellevue 93260 Les Lilas<br \/><strong>Cr\u00e9ateur<\/strong> : Fulvio Caccia<br \/><strong>Responsable publication<\/strong> : Fulvio Caccia<br \/>Le responsable publication est une personne physique.<br \/><strong>Webmaster<\/strong> : G\u00e9rard PERRET \u2013 ODCadmin@diversit\u00e9-culturelle.org<br \/><strong>H\u00e9bergeur<\/strong> : OVH \u2013 2 rue Kellermann \u2013 59100 Roubaix \u2013 France\u00a0 <a href=\"https:\/\/www.ovh.com\/fr\/support\/documents_legaux\/conditions%20generales%20de%20service.pdf\">(Voir conditions g\u00e9n\u00e9rales OVH article 9)<\/a><\/p><p>Politique de confidentialit\u00e9<\/p><ol><li><strong> Collecte de l\u2019information<\/strong><\/li><\/ol><p>Nous recueillons des informations lorsque vous vous inscrivez \u00e0 notre Newsletter sur notre site ou lorsque vous vous postez un commentaire. Les informations recueillies incluent votre nom, pr\u00e9nom, votre adresse e-mail.<\/p><p>En outre, nous recevons et enregistrons automatiquement des informations \u00e0 partir de votre ordinateur et navigateur, y compris votre adresse IP, vos logiciels et votre mat\u00e9riel, et la page que vous demandez.<\/p><p>Quand vous laissez un commentaire sur notre site web, les donn\u00e9es inscrites dans le formulaire de commentaire, mais aussi votre adresse IP et l\u2019agent utilisateur de votre navigateur sont collect\u00e9s pour nous aider \u00e0 la d\u00e9tection des commentaires ind\u00e9sirables.<\/p><p>Une cha\u00eene anonymis\u00e9e cr\u00e9\u00e9e \u00e0 partir de votre adresse de messagerie (\u00e9galement appel\u00e9e hash) peut \u00eatre envoy\u00e9e au service Gravatar pour v\u00e9rifier si vous utilisez ce dernier. Les clauses de confidentialit\u00e9 du service Gravatar sont disponibles ici\u00a0: https:\/\/automattic.com\/privacy\/. Apr\u00e8s validation de votre commentaire, votre photo de profil sera visible publiquement \u00e0 cot\u00e9 de votre commentaire.<\/p><p>Les commentaires des visiteurs peuvent \u00eatre v\u00e9rifi\u00e9s \u00e0 l\u2019aide d\u2019un service automatis\u00e9 de d\u00e9tection des commentaires ind\u00e9sirables.<\/p><p><strong>\u00a0<\/strong><\/p><ol start=\"2\"><li><strong> Utilisation des informations<\/strong><\/li><\/ol><p>Toute les informations que nous recueillons aupr\u00e8s de vous peuvent \u00eatre utilis\u00e9es pour :<\/p><ul><li>Am\u00e9liorer notre site Web<\/li><li>Vous contacter par e-mail<\/li><li>Administrer un concours, une promotion, ou une enqu\u00eate<\/li><\/ul><p><strong>\u00a0<\/strong><\/p><ol start=\"3\"><li><strong> Dur\u00e9e de conservation<\/strong><\/li><\/ol><p>Si vous laissez un commentaire, le commentaire et ses m\u00e9tadonn\u00e9es sont conserv\u00e9s ind\u00e9finiment. Cela permet de reconna\u00eetre et approuver automatiquement les commentaires suivants au lieu de les laisser dans la file de mod\u00e9ration.<\/p><p>Pour les utilisateurs et utilisatrices qui s\u2019enregistrent sur notre site, nous stockons \u00e9galement les donn\u00e9es personnelles indiqu\u00e9es dans leur profil. Tous les utilisateurs et utilisatrices peuvent voir, modifier ou supprimer leurs informations personnelles et se d\u00e9sinscrire \u00e0 tout moment.<\/p><p><strong>\u00a0<\/strong><\/p><ol start=\"4\"><li><strong> Confidentialit\u00e9 <\/strong><\/li><\/ol><p>Nous sommes les seuls propri\u00e9taires des informations recueillies sur ce site. Vos informations personnelles ne seront pas vendues, \u00e9chang\u00e9es, transf\u00e9r\u00e9es, ou donn\u00e9es \u00e0 une autre soci\u00e9t\u00e9 pour n\u2019importe quel raison, sans votre consentement, en dehors de ce qui est n\u00e9cessaire pour r\u00e9pondre \u00e0 une demande.<\/p><p><strong>\u00a0<\/strong><\/p><ol start=\"5\"><li><strong> Divulgation \u00e0 des tiers<\/strong><\/li><\/ol><p>Nous ne vendons, n\u2019\u00e9changeons et ne transf\u00e9rons pas vos informations personnelles identifiables \u00e0 des tiers. Cela ne comprend pas les tierces parties de confiance qui nous aident \u00e0 exploiter notre site Web ou \u00e0 mener nos affaires, tant que ces parties conviennent de garder ces informations confidentielles.<\/p><p>Nous pensons qu\u2019il est n\u00e9cessaire de partager des informations afin d\u2019enqu\u00eater, de pr\u00e9venir ou de prendre des mesures concernant des activit\u00e9s ill\u00e9gales, fraudes pr\u00e9sum\u00e9es, situations impliquant des menaces potentielles \u00e0 la s\u00e9curit\u00e9 physique de toute personne, violations de nos conditions d\u2019utilisation, ou quand la loi nous y contraint.<\/p><p><strong>\u00a0<\/strong><\/p><ol start=\"6\"><li><strong> Protection des informations<\/strong><\/li><\/ol><p>ODC s\u2019engage \u00e0 prot\u00e9ger vos donn\u00e9es de fa\u00e7on appropri\u00e9e selon leur nature, l\u2019\u00e9tendue du traitement et leur accessibilit\u00e9. Il peut s\u2019agir par exemple de chiffrement des donn\u00e9es, de gestion de droits d\u2019acc\u00e8s, de flux s\u00e9curis\u00e9s,\u2026<\/p><p>Nous mettons en \u0153uvre une vari\u00e9t\u00e9 de mesures pour pr\u00e9server la s\u00e9curit\u00e9 de vos informations personnelles. Nous utilisons si n\u00e9cessaire un cryptage \u00e0 la pointe de la technologie pour prot\u00e9ger les informations sensibles transmises en ligne. Nous prot\u00e9geons \u00e9galement vos informations hors ligne. Seuls les employ\u00e9s qui ont besoin d\u2019effectuer un travail sp\u00e9cifique ont acc\u00e8s aux informations personnelles identifiables.<\/p><p>Les ordinateurs et serveurs utilis\u00e9s pour stocker des informations personnelles identifiables sont conserv\u00e9s dans un environnement s\u00e9curis\u00e9.<\/p><p><strong>\u00a0<\/strong><\/p><ol start=\"7\"><li><strong> Est-ce que nous utilisons des cookies ?<\/strong><\/li><\/ol><p>Nous sommes susceptibles d\u2019utiliser des cookies afin d\u2019am\u00e9liorer l\u2019acc\u00e8s \u00e0 notre site et identifier les visiteurs r\u00e9guliers. Cependant, cette utilisation des cookies n\u2019est en aucune fa\u00e7on li\u00e9e \u00e0 des informations personnelles identifiables sur notre site.<\/p><p><strong>\u00a0<\/strong><\/p><ol start=\"8\"><li><strong> Contenu embarqu\u00e9 depuis d\u2019autres sites<\/strong><\/li><\/ol><p>Les articles de ce site peuvent inclure des contenus int\u00e9gr\u00e9s (par exemple des vid\u00e9os, images, articles\u2026). Le contenu int\u00e9gr\u00e9 depuis d\u2019autres sites se comporte de la m\u00eame mani\u00e8re que si le visiteur se rendait sur cet autre site.<\/p><p>Ces sites web pourraient collecter des donn\u00e9es sur vous, utiliser des cookies, embarquer des outils de suivis tiers, suivre vos interactions avec ces contenus embarqu\u00e9s si vous disposez d\u2019un compte connect\u00e9 sur leur site web.<\/p><p><strong>\u00a0<\/strong><\/p><ol start=\"9\"><li><strong> Se d\u00e9sabonner<\/strong><\/li><\/ol><p>Nous utilisons l\u2019adresse e-mail que vous fournissez pour vous envoyer des informations, des nouvelles de l\u2019association de fa\u00e7on occasionnelle, etc. Si \u00e0 n\u2019importe quel moment vous souhaitez vous d\u00e9sinscrire et ne plus recevoir d\u2019e-mails, des instructions de d\u00e9sabonnement d\u00e9taill\u00e9es sont incluses en bas de chaque e-mail.<\/p><p><strong>\u00a0<\/strong><\/p><ol start=\"10\"><li><strong> Consentement<\/strong><\/li><\/ol><p>En utilisant notre site, vous consentez \u00e0 notre politique de confidentialit\u00e9.<\/p>\t\t\t\t\t\t\t\t<\/div>\n\t\t\t\t<\/div>\n\t\t\t\t\t<\/div>\n\t\t<\/div>\n\t\t\t\t\t<\/div>\n\t\t<\/section>\n\t\t\t\t<\/div>\n\t\t","protected":false},"excerpt":{"rendered":"<p>La protection des donn\u00e9es \u00e0 caract\u00e8re personnel est un \u00e9l\u00e9ment essentiel de notre relation avec les utilisateurs de notre site. Cette relation est fond\u00e9e sur un principe de transparence visant&hellip;<\/p>\n<p class=\"more-link-p\"><a class=\"more-link\" href=\"http:\/\/www.combats-magazine.org\/fr\/politique-de-confidentialite\/\">Lire plus &rarr;<\/a><\/p>\n","protected":false},"author":1,"featured_media":0,"parent":0,"menu_order":0,"comment_status":"closed","ping_status":"closed","template":"elementor_header_footer","meta":{"footnotes":""},"class_list":["post-4030","page","type-page","status-publish","hentry"],"_links":{"self":[{"href":"http:\/\/www.combats-magazine.org\/fr\/wp-json\/wp\/v2\/pages\/4030","targetHints":{"allow":["GET"]}}],"collection":[{"href":"http:\/\/www.combats-magazine.org\/fr\/wp-json\/wp\/v2\/pages"}],"about":[{"href":"http:\/\/www.combats-magazine.org\/fr\/wp-json\/wp\/v2\/types\/page"}],"author":[{"embeddable":true,"href":"http:\/\/www.combats-magazine.org\/fr\/wp-json\/wp\/v2\/users\/1"}],"replies":[{"embeddable":true,"href":"http:\/\/www.combats-magazine.org\/fr\/wp-json\/wp\/v2\/comments?post=4030"}],"version-history":[{"count":0,"href":"http:\/\/www.combats-magazine.org\/fr\/wp-json\/wp\/v2\/pages\/4030\/revisions"}],"wp:attachment":[{"href":"http:\/\/www.combats-magazine.org\/fr\/wp-json\/wp\/v2\/media?parent=4030"}],"curies":[{"name":"wp","href":"https:\/\/api.w.org\/{rel}","templated":true}]}}