{"id":2299,"date":"2017-07-10T16:11:20","date_gmt":"2017-07-10T14:11:20","guid":{"rendered":"http:\/\/www.combats-magazine.org\/fr\/?page_id=2299"},"modified":"2017-07-10T23:26:29","modified_gmt":"2017-07-10T21:26:29","slug":"litterature","status":"publish","type":"page","link":"http:\/\/www.combats-magazine.org\/fr\/litterature\/","title":{"rendered":"Litt\u00e9rature"},"content":{"rendered":"<p><a href=\"http:\/\/editionsantidata.blogspot.fr\/\" target=\"_blank\" rel=\"noopener\"><strong>Antidata<\/strong><\/a><\/p>\n<p>Maison d&rsquo;\u00e9dition n\u00e9e en 2004 et h\u00e9riti\u00e8re de la revue de cr\u00e9ation litt\u00e9raire du m\u00eame nom, Antidata s&rsquo;est donn\u00e9e pour but de publier des formats courts, quels qu&rsquo;en soient les th\u00e8mes et formes (nouvelles, dialogues, lettres&#8230;) puisqu&rsquo;elle \u00ab\u00a0n&rsquo;a d&rsquo;autre ligne \u00e9ditoriale que les go\u00fbts et enthousiasmes de ses membres\u00a0\u00bb ! Elle publie des recueils collectifs et des recueils individuels d&rsquo;auteurs, et cinq titres par an en moyenne.<\/p>\n<p><a href=\"http:\/\/www.bon-a-tirer.com\/\" target=\"_blank\" rel=\"noopener\"><strong>Bon \u00e0 tirer<\/strong><\/a><\/p>\n<p>Bon-A-Tirer est une revue de cr\u00e9ation litt\u00e9raire qui publie en ligne un nouveau texte tous les 15 jours (Bruxelles). Jeunes auteurs et auteurs reconnus s\u2019y c\u00f4toient avec bonheur. Parmi les auteurs publi\u00e9s, mentionnons Henry Bauchau, B\u00e9atrix Beck, Alain Berenboom, Mario Bianco, Jean-Claude Bologne,Hugo Claus, Frans De Haes, Paul Delsemme, Xavier Deutsch. La mise en page a\u00e9r\u00e9e et de bon aloi, le savant dosage des textes et des auteurs en font un site incontournable.<\/p>\n<p><a href=\"http:\/\/www.transfinito.eu\/\" target=\"_blank\" rel=\"noopener\"><strong>Transfinito<\/strong><\/a><\/p>\n<p>Cr\u00e9e il y plus de trois ans \u00e0 Soave, Italie, ce site transdisciplinaire et francophile est devenu une r\u00e9f\u00e9rence en Italie autant pour ses articles et recensions litt\u00e9raires que pour son corpus psychanalytique. Giancarlo Calciolari, son webmestre, est un collaborateur de Combats.<\/p>\n<p><strong><a href=\"http:\/\/www.fabula.org\/revue\/\/\" target=\"_blank\" rel=\"noopener\">Acta Fabula<\/a><\/strong><\/p>\n<p>La revue des parutions en th\u00e9orie litt\u00e9raire. Fouill\u00e9e, exhaustive et&#8230;conviviale. Tout ce que vous n\u2019avez jamais os\u00e9 demander \u00e0 la th\u00e9orie litt\u00e9raire s\u2019y trouve &#8230;ou presque. Revue du site fabula.org, recherche en litt\u00e9rature. Plusieurs num\u00e9ro par an depuis 2000, un par mois depuis janvier 2017.<\/p>\n<p><a href=\"http:\/\/mauvaisgenres.calice68.fr\/\" target=\"_blank\" rel=\"noopener\"><strong>Mauvais genres<\/strong><\/a><\/p>\n<p>Mauvais genres. R\u00e9f\u00e9rence du roman policier et de la science-fiction en biblioth\u00e8ques, ce site a \u00e9t\u00e9 cr\u00e9\u00e9 en 1999. Critiques bien frapp\u00e9es, bibliographies, interviews, collections, portraits, espace jeunesse, radio et vid\u00e9o, textes en ligne, hard-boiled Dicks. Pour les aficionados et les internautes qui aiment baguenauder dans les ruelles sombres du cyberespace.<\/p>\n<p><a href=\"http:\/\/www.lapageblanche.com\/\" target=\"_blank\" rel=\"noopener\"><strong>La page blanche<\/strong><\/a><\/p>\n<p>Revue de po\u00e9sie, en langue fran\u00e7aise principalement. Tous les mois ou tous les deux mois suivant les num\u00e9ros, depuis 2000. Textes int\u00e9graux et extraits, t\u00e9l\u00e9chargeables en PDF. Pr\u00e9sentation sobre et raffin\u00e9e (un peu trop). L\u2019internaute soucieux d\u2019arriver au po\u00e8me devra patienter.<\/p>\n<p><a href=\"http:\/\/www.europolar.eu\/\" target=\"_blank\" rel=\"noopener\"><strong>Europolar<\/strong><\/a><\/p>\n<p>Europolar est un site multilingue pour les fans du polar europ\u00e9en, couvrant l\u2019actualit\u00e9 de ce genre litt\u00e9raire, principalement en Allemagne, Belgique, Espagne, France, Grande Bretagne et Italie.<\/p>\n<p>Il mettra en lumi\u00e8re le travail des \u00e9crivains europ\u00e9ens tout en \u00e9largissant, gr\u00e2ce \u00e0 des d\u00e9bats et discussions, les th\u00e8mes abord\u00e9s aux grands probl\u00e8mes soci\u00e9taux actuels. EUROPOLAR se pr\u00e9sente en quatre parties\u00a0: News, Fiction, Tribune, Dossier. Le site se veut multiculturel, et sa r\u00e9daction, r\u00e9partie dans six pays europ\u00e9ens, fournit aux lecteurs des informations sur les \u00e9v\u00e9nements et les publications de polars dans leurs pays respectifs. Son but est de contribuer au d\u00e9veloppement d\u2019une Europe culturelle, sociale, tol\u00e9rante et solidaire.<\/p>\n<p><a href=\"http:\/\/www.lecrepusculedesjours.com\/\" target=\"_blank\" rel=\"noopener\"><strong>Le cr\u00e9puscule des jours<\/strong><\/a><\/p>\n<p>Cr\u00e9\u00e9 par Patrick Morelli, le cr\u00e9puscule des jours saisit l\u2019\u00e9cume&#8230; des jours. Pour en capturer l\u2019esprit,le webmestre demande \u00e0 un \u00e9crivain de commenter l\u2019actualit\u00e9 du moment et un photographe d\u2019en immobiliser la trame fuyante. Trois balises circonscrivent cette recherche transdisciplinaire \u00e0 nulle autre pareille\u00a0: la photo du jour, le Journal intime et une nouvelle tir\u00e9e de l\u2019actualit\u00e9 du jour. Un site au fil des jours, riche et \u00e9tonnant.<\/p>\n<p><a href=\"http:\/\/www.e-litterature.net\/index5.html\" target=\"_blank\" rel=\"noopener\"><strong>Exigence litt\u00e9rature<\/strong><\/a><\/p>\n<p>\u00ab\u00a0Exigence litt\u00e9rature\u00a0\u00bb est sans doute l\u2019un des sites les plus exhaustifs et le mieux fait sur l\u2019actualit\u00e9 de la litt\u00e9rature francophone. Ses tr\u00e8s nombreuses recensions, judicieusement r\u00e9pertori\u00e9es dans les rubriques ad\u00e9quates, dressent un portrait plus contrast\u00e9 et plus fid\u00e8le du paysage litt\u00e9raire actuel que celui que l\u2019on a l\u2019habitude de lire dans la presse. A inscrire ipso facto dans vos favoris.<\/p>\n<p><a href=\"http:\/\/www.corsicapolar.eu\/\" target=\"_blank\" rel=\"noopener\"><strong>Corsipolar<\/strong><\/a><\/p>\n<p>Site de r\u00e9f\u00e9rence du polar corse, cet espace num\u00e9rique est remarquable par sa convivialit\u00e9 et la diversit\u00e9 de ses chroniques et de ses collaborations. D\u00e9cid\u00e9ment, on n&rsquo;arr\u00eate pas le progr\u00e8s, ni les corses\u00a0!\u00a0<span class=\"js-about-module-abstr\">\u00c0<\/span> consulter pour tous ceux qui s\u2019int\u00e9ressent au polar contemporain.<\/p>\n<p><a href=\"http:\/\/www.babelmed.net\/\" target=\"_blank\" rel=\"noopener\"><strong>Babelmed<\/strong><\/a><\/p>\n<p>Fond\u00e9 \u00e0 Rome en 2001, ce site d\u00e9di\u00e9 aux cultures m\u00e9diterran\u00e9ennes promeut les \u00e9changes culturels en M\u00e9diterran\u00e9e et fait circuler l\u2019information et les id\u00e9es qui gravitent autour de cette mer commune. Plus d\u2019une vingtaine de pays y sont impliqu\u00e9s. Des rubriques diverses et vari\u00e9es captent les initiatives de tous les horizons. Un must pour tous ceux qui s\u2019int\u00e9ressent \u00e0 ces cultures.<\/p>\n<p><a href=\"http:\/\/www.inks-passagedencres.fr\/\" target=\"_blank\" rel=\"noopener\"><strong>Passages d\u2019encre<\/strong><\/a><\/p>\n<p><em>Passage d\u2019encres<\/em> est le site de la revue du m\u00eame nom. C\u2019est une revue atypique dans le paysage foisonnant des revues culturelles fran\u00e7aises. De taille plut\u00f4t grande, presque carr\u00e9e qui permet d\u2019encarter des estampes originales, le p\u00e9riodique en impose par son \u00e9l\u00e9gance, sa mise en page impeccable et sa maquette d\u00e9pouill\u00e9e. Mais sous son apparent classicisme (qui en fait quand m\u00eame l\u2019une des plus belles revues de l\u2019hexagone), <em>Passage d\u2019encres,<\/em> qui publie son 29\u00e8 num\u00e9ro, cache une \u00e2me buissonni\u00e8re. En t\u00e9moignent des num\u00e9ros tr\u00e8s \u00e9clectiques qui ont pour th\u00e8me la loi, l\u2019\u00e9criture, Berlin, archipel des possibles, nulles parts. Comme dans un r\u00eave \u00e9veill\u00e9&#8230; Chaque num\u00e9ro est mis en images par des artistes professionnels. On y trouve des bijoux surprenants tels une s\u00e9rigraphie&#8230; sur papier de verre ou encore un entretien retrouv\u00e9 du grand Jorge Luis Borg\u00e8s. C\u2019est beau, unique et d\u00e9tonnant.<\/p>\n<p><a href=\"http:\/\/www.ral-m.com\/\" target=\"_blank\" rel=\"noopener\"><strong>R.A.L.M.\u00a0(Revue d\u2019art et de litt\u00e9rature, musique)<\/strong><\/a><\/p>\n<p>Le web se pr\u00eate bien aux publications multidisciplinaires. Ce site, qui \u00e9met d\u2019Andalousie gr\u00e2ce \u00e0 la complicit\u00e9 de Patrick CINTAS, son chasseur abstrait et ci-devant webmestre, nous a d\u2019embl\u00e9e tap\u00e9 dans l\u2019\u0153il. Bilingue, multiple, foisonnant, RALM en est d\u00e9j\u00e0 \u00e0 son centi\u00e8me num\u00e9ro depuis 2004, date de sa cr\u00e9ation. On y retrouve une galerie d\u2019art, un espace auteur et des traductions de po\u00e8mes en pagaille qui proviennent des quatre coins de la plan\u00e8te. On ne peut qu\u2019encourager l\u2019internaute \u00e0 d\u00e9couvrir ce d\u00e9paysant voisin ib\u00e9rique qui d\u00e9cline la po\u00e9sie sous toutes ses formes. La p\u00e9riodicit\u00e9 y est mensuelle. C\u2019est un rendez-vous \u00e0 ne pas manquer.\u00a0<span class=\"js-about-module-abstr\">\u00c0<\/span> vos favoris\u00a0!<\/p>\n","protected":false},"excerpt":{"rendered":"<p>Antidata Maison d&rsquo;\u00e9dition n\u00e9e en 2004 et h\u00e9riti\u00e8re de la revue de cr\u00e9ation litt\u00e9raire du m\u00eame nom, Antidata s&rsquo;est donn\u00e9e pour but de publier des formats courts, quels qu&rsquo;en soient&hellip;<\/p>\n<p class=\"more-link-p\"><a class=\"more-link\" href=\"http:\/\/www.combats-magazine.org\/fr\/litterature\/\">Lire plus &rarr;<\/a><\/p>\n","protected":false},"author":1,"featured_media":0,"parent":0,"menu_order":0,"comment_status":"closed","ping_status":"closed","template":"","meta":{"footnotes":""},"class_list":["post-2299","page","type-page","status-publish","hentry"],"_links":{"self":[{"href":"http:\/\/www.combats-magazine.org\/fr\/wp-json\/wp\/v2\/pages\/2299","targetHints":{"allow":["GET"]}}],"collection":[{"href":"http:\/\/www.combats-magazine.org\/fr\/wp-json\/wp\/v2\/pages"}],"about":[{"href":"http:\/\/www.combats-magazine.org\/fr\/wp-json\/wp\/v2\/types\/page"}],"author":[{"embeddable":true,"href":"http:\/\/www.combats-magazine.org\/fr\/wp-json\/wp\/v2\/users\/1"}],"replies":[{"embeddable":true,"href":"http:\/\/www.combats-magazine.org\/fr\/wp-json\/wp\/v2\/comments?post=2299"}],"version-history":[{"count":0,"href":"http:\/\/www.combats-magazine.org\/fr\/wp-json\/wp\/v2\/pages\/2299\/revisions"}],"wp:attachment":[{"href":"http:\/\/www.combats-magazine.org\/fr\/wp-json\/wp\/v2\/media?parent=2299"}],"curies":[{"name":"wp","href":"https:\/\/api.w.org\/{rel}","templated":true}]}}