{"id":196,"date":"2011-10-30T20:15:08","date_gmt":"2011-10-30T18:15:08","guid":{"rendered":"http:\/\/www.combats-magazine.org\/fr\/?page_id=196"},"modified":"2014-05-05T10:14:55","modified_gmt":"2014-05-05T08:14:55","slug":"editorial","status":"publish","type":"page","link":"http:\/\/www.combats-magazine.org\/fr\/les-auteurs\/editorial\/","title":{"rendered":"Editorial"},"content":{"rendered":"<h1 style=\"text-align: justify;\"><strong>Technodiversit\u00e9 : les enjeux cach\u00e9s<\/strong><\/h1>\n<p style=\"text-align: justify;\">La diversit\u00e9 ne se r\u00e9duit pas simplement \u00e0 sa variante culturelle, politique (le fameux pluralisme) ou encore biologique (la biodiversit\u00e9), elle se d\u00e9cline plus que jamais dans l&rsquo;espace technologique. Un \u00e9loquent contre-exemple nous a \u00e9t\u00e9 donn\u00e9 r\u00e9cemment par l&rsquo;espionnage op\u00e9r\u00e9 par les services secrets am\u00e9ricains avec la complicit\u00e9 int\u00e9ress\u00e9e des principaux op\u00e9rateurs num\u00e9riques (Google, Facebook, Apple, Microsoft). D\u00e9sormais nul besoin de d\u00e9ployer les grandes oreilles radar vers la ionosph\u00e8re pour capter les ondes radio de tout un chacun comme nagu\u00e8re le faisait le programme Echelon ( Au fait-il toujours en op\u00e9ration ?), il s&rsquo;agit simplement de se brancher \u00e0 la source , directement sur les serveurs de ces m\u00e9ga-aggr\u00e9gateurs d&rsquo;information. C&rsquo;est ce que nous r\u00e9v\u00e9lait le 4 juin dernier le <em>Washington Post<\/em> et <em>The Guardian<\/em>.<\/p>\n<p style=\"text-align: justify;\">Mardi dernier, leur source a d\u00e9cid\u00e9 de se montrer au grand jour. Il s&rsquo;agit d&rsquo;Edward Snowden, 29 ans, un informaticien de la soci\u00e9t\u00e9 Verizen qui sous-traitait le contr\u00f4le des communications des citoyens des \u00c9tats-Unis pour le compte de la toute puissante et occulte National Security Agency. Dans son entretien au journaliste <em>The Guardian<\/em>, le jeune informaticien , r\u00e9fugi\u00e9 \u00e0 Hong Kong, r\u00e9v\u00e9lait combien il lui \u00e9tait alors facile d&rsquo;avoir acc\u00e8s aux donn\u00e9es personnelles de n&rsquo;importe quel citoyen y compris le pr\u00e9sident lui-m\u00eame si cela s&rsquo;\u00e9tait av\u00e9r\u00e9 n\u00e9cessaire. Une perspective qui donne froid dans les dos. Ainsi donc, sous pr\u00e9texte de lutter contre le terrorisme, le fameux \u00ab Patriot Act \u00bb, l&rsquo;une des plus grandes d\u00e9mocraties du monde confirmerait sa tentation totalitaire vingt ans apr\u00e8s que son ennemi historique se soit effondr\u00e9 pour l&rsquo;avoir justement \u00e9rig\u00e9 en dogme. C&rsquo;est le serpent qui se mord la queue.<\/p>\n<p style=\"text-align: justify;\">S&rsquo;il ne pas encore le visage du totalitarisme dur qui r\u00e9gnait nagu\u00e8re derri\u00e8re le rideau de fer, c&rsquo;est que les avanc\u00e9es \u00e9poustouflantes de la technologie num\u00e9rique permettent \u00e0 la soci\u00e9t\u00e9 de l&rsquo;information mondialis\u00e9e d&rsquo;avancer masqu\u00e9e en brandissant justement la d\u00e9mocratie et l&rsquo;\u00e9ducation accessible \u00e0 tous comme autant de leurres.<\/p>\n<p style=\"text-align: justify;\">Mais quelle est la nature de cette soci\u00e9t\u00e9 mondialis\u00e9e qui s&rsquo;am\u00e9ricanise en apparence non seulement par sa culture du divertissement mais \u00e9galement par l&rsquo;adh\u00e9sion aveugle des \u00e9lites nationales du monde entier aux protocoles de gestion et de management d\u00e9velopp\u00e9es nagu\u00e8re par l&rsquo;Oncle Sam. Loin de moi l&rsquo;id\u00e9e d&#8217;emboucher les trompettes de l&rsquo;antiam\u00e9ricanisme. Car c&rsquo;est justement \u00e0 l&rsquo;instant o\u00f9 il s&rsquo;internationalise que ce mod\u00e8le perd toute r\u00e9f\u00e9rence nationale pour devenir le mode de gestion transnational du capitalisme avanc\u00e9. Toutes les oligarchies du monde y apportent peu ou prou leur contribution. Nagu\u00e8re le PDG de Vivendi Univeral, s&rsquo;\u00e9tait fendu d&rsquo;une opinion dans <em>le Monde<\/em> pour d\u00e9clarer et annexer par ce biais la diversit\u00e9 culturelle sous le giron de sa multinationale. Cette diversit\u00e9 dont le march\u00e9 a besoin pour faire tourner la roue de la profitabilit\u00e9, c&rsquo;est celle des biens de consommation, r\u00e9duit \u00e0 l&rsquo;\u00e9tat de simulacre culturel. Processus de f\u00e9tichisation de la marchandise bien connu depuis Marx.<\/p>\n<p style=\"text-align: justify;\">Aujourd&rsquo;hui dans ce dispositif, c&rsquo;est la marchandise m\u00eame qui \u00ab dispara\u00eet \u00bb \u00e0 son tour bien apr\u00e8s avoir dissout le prol\u00e9tariat au profit des protocoles de gestion de vos communications personnelles et de leur contr\u00f4le. C&rsquo;est ce qu&rsquo;avait mis en lumi\u00e8re un Baudrillard par exemple et que confirme la privatisation des ces protocoles de contr\u00f4le. Il est en effet significatif que des entreprises priv\u00e9es obtiennent par appel d&rsquo;offres de telles responsabilit\u00e9s qui appartiennent d&rsquo;abord \u00e0 l&rsquo;Etat, c&rsquo;est-\u00e0- dire en d\u00e9mocratie, \u00e0 l&rsquo;ensemble des citoyens.<\/p>\n<p style=\"text-align: justify;\">L&rsquo;am\u00e9rindien jadis, l&rsquo;internaute d&rsquo;aujourd&rsquo;hui : m\u00eame combat.<\/p>\n<p style=\"text-align: justify;\">Cette privatisation de modes de contr\u00f4le est comparable \u00e0 la privatisation pas si lointaines de larges secteurs du domaine public. C&rsquo;est une constante du capitalisme depuis l&rsquo;origine dont les cons\u00e9quences sont paradoxalement de r\u00e9duire d&rsquo;autant l&rsquo;espace de libert\u00e9. Et cela passe par le droit et la reconnaissance de la propri\u00e9t\u00e9 priv\u00e9e sur ce nouveau territoire bien plus lucratif que le bien foncier : les donn\u00e9es personnelles. C&rsquo;est ce droit que Facebook reconna\u00eet \u00e0 l&rsquo; utilisateur de son r\u00e9seau social. En \u00e9change de la publication de ces donn\u00e9es personnelles, il lui demande simplement \u00ab une licence non-exclusive, transf\u00e9rable, sous-licenciable, sans redevance et mondiale pour l\u2019utilisation des contenus de propri\u00e9t\u00e9 intellectuelle&#8230;\u00bb (D\u00e9claration des droits et responsabilit\u00e9, article 2.1). C&rsquo;est pr\u00e9cis\u00e9ment ce droit de propri\u00e9t\u00e9 que les juristes n\u00e9erlandais ont reconnu aux Indiens de Manhattan pour ensuite leur racheter leur terre \u00e0 vil prix. Ce principe de propri\u00e9t\u00e9 a \u00e9t\u00e9 ensuite appliqu\u00e9 mutatis mutandis \u00e0 l&rsquo;ensemble des tribus indiennes d&rsquo;Am\u00e9rique du nord pour mieux leur extorquer leur territoire. Or c&rsquo;est sur ce droit reconnu sur lequel se fonde l&rsquo;essentiel des revendications actuelles des Am\u00e9rindiens sur leur ancien territoire.<\/p>\n<p style=\"text-align: justify;\">Avanc\u00e9es pour les uns, hypocrisie pour les autres il n&rsquo;en demeure pas moins que ce droit \u00e0 la souverainet\u00e9 personnelle est en train d&rsquo;\u00e9merger comme le nouvel Eldorado, la nouvelle \u00ab richesse des nations \u00bb qui peut d\u00e9river aussi en accord de dupes. La transformation de l&rsquo;internaute en auteur reconduit sous les projecteurs la confrontation entre droit d&rsquo;auteur et copyright. C&rsquo;est un dilemme que les \u00e9crivains connaissent bien : que faire de ses droits universels si personne ne les exploite ?<\/p>\n<p style=\"text-align: justify;\">Bien que ne se situant pas au m\u00eame niveau qu&rsquo;une \u0153uvre litt\u00e9raire, les donnes personnelles sont exploit\u00e9es en fonction du m\u00eame principe : le droit intellectuel. C&rsquo;est la mat\u00e9rialisation d&rsquo;une \u0153uvre de l&rsquo;esprit sur un support mat\u00e9riel (un livre papier) qui en fait un objet public et exploitable. Avec les donn\u00e9es personnelles, nous demeurons dans le virtuel et l\u2019agr\u00e9gat. C&rsquo;est l&rsquo;addition des fichiers personnels qui fait masse et devient exploitable.<\/p>\n<p style=\"text-align: justify;\">Que faire face \u00e0 cette marchandisation de la vie priv\u00e9e ? Aujourd&rsquo;hui les outils existent.<\/p>\n<p style=\"text-align: justify;\">Il n&rsquo;en tient qu&rsquo;\u00e0 nous de les utiliser . A bon entendeur Salut !<\/p>\n<p style=\"text-align: justify;\"><strong>Fulvio Caccia<\/strong><\/p>\n","protected":false},"excerpt":{"rendered":"<p>Technodiversit\u00e9 : les enjeux cach\u00e9s La diversit\u00e9 ne se r\u00e9duit pas simplement \u00e0 sa variante culturelle, politique (le fameux pluralisme) ou encore biologique (la biodiversit\u00e9), elle se d\u00e9cline plus que&hellip;<\/p>\n<p class=\"more-link-p\"><a class=\"more-link\" href=\"http:\/\/www.combats-magazine.org\/fr\/les-auteurs\/editorial\/\">Lire plus &rarr;<\/a><\/p>\n","protected":false},"author":1,"featured_media":0,"parent":98,"menu_order":0,"comment_status":"open","ping_status":"closed","template":"","meta":{"footnotes":""},"class_list":["post-196","page","type-page","status-publish","hentry"],"_links":{"self":[{"href":"http:\/\/www.combats-magazine.org\/fr\/wp-json\/wp\/v2\/pages\/196","targetHints":{"allow":["GET"]}}],"collection":[{"href":"http:\/\/www.combats-magazine.org\/fr\/wp-json\/wp\/v2\/pages"}],"about":[{"href":"http:\/\/www.combats-magazine.org\/fr\/wp-json\/wp\/v2\/types\/page"}],"author":[{"embeddable":true,"href":"http:\/\/www.combats-magazine.org\/fr\/wp-json\/wp\/v2\/users\/1"}],"replies":[{"embeddable":true,"href":"http:\/\/www.combats-magazine.org\/fr\/wp-json\/wp\/v2\/comments?post=196"}],"version-history":[{"count":0,"href":"http:\/\/www.combats-magazine.org\/fr\/wp-json\/wp\/v2\/pages\/196\/revisions"}],"up":[{"embeddable":true,"href":"http:\/\/www.combats-magazine.org\/fr\/wp-json\/wp\/v2\/pages\/98"}],"wp:attachment":[{"href":"http:\/\/www.combats-magazine.org\/fr\/wp-json\/wp\/v2\/media?parent=196"}],"curies":[{"name":"wp","href":"https:\/\/api.w.org\/{rel}","templated":true}]}}